{"id":131,"date":"2024-06-05T10:51:14","date_gmt":"2024-06-05T08:51:14","guid":{"rendered":"https:\/\/lapepitainvest.com\/?page_id=131"},"modified":"2024-06-05T11:04:44","modified_gmt":"2024-06-05T09:04:44","slug":"elementor-131","status":"publish","type":"page","link":"https:\/\/lapepitainvest.com\/?page_id=131","title":{"rendered":"Mentions L\u00e9gales"},"content":{"rendered":"\t\t<div data-elementor-type=\"wp-page\" data-elementor-id=\"131\" class=\"elementor elementor-131\" data-elementor-post-type=\"page\">\n\t\t\t\t<div class=\"elementor-element elementor-element-441cf9e e-flex e-con-boxed e-con e-parent\" data-id=\"441cf9e\" data-element_type=\"container\">\n\t\t\t\t\t<div class=\"e-con-inner\">\n\t\t\t\t<div class=\"elementor-element elementor-element-81f786f elementor-widget elementor-widget-image\" data-id=\"81f786f\" data-element_type=\"widget\" data-widget_type=\"image.default\">\n\t\t\t\t<div class=\"elementor-widget-container\">\n\t\t\t<style>\/*! elementor - v3.21.0 - 08-05-2024 *\/\n.elementor-widget-image{text-align:center}.elementor-widget-image a{display:inline-block}.elementor-widget-image a img[src$=\".svg\"]{width:48px}.elementor-widget-image img{vertical-align:middle;display:inline-block}<\/style>\t\t\t\t\t\t\t\t\t\t\t<a href=\"\/\">\n\t\t\t\t\t\t\t<img fetchpriority=\"high\" decoding=\"async\" width=\"1893\" height=\"787\" src=\"https:\/\/lapepitainvest.com\/wp-content\/uploads\/2024\/05\/lepepita-logo.png\" class=\"attachment-full size-full wp-image-54\" alt=\"Investissement immobilier en Espagne avec vue sur la M\u00e9diterran\u00e9e\" srcset=\"https:\/\/lapepitainvest.com\/wp-content\/uploads\/2024\/05\/lepepita-logo.png 1893w, https:\/\/lapepitainvest.com\/wp-content\/uploads\/2024\/05\/lepepita-logo-300x125.png 300w, https:\/\/lapepitainvest.com\/wp-content\/uploads\/2024\/05\/lepepita-logo-1024x426.png 1024w, https:\/\/lapepitainvest.com\/wp-content\/uploads\/2024\/05\/lepepita-logo-768x319.png 768w, https:\/\/lapepitainvest.com\/wp-content\/uploads\/2024\/05\/lepepita-logo-1536x639.png 1536w\" sizes=\"(max-width: 1893px) 100vw, 1893px\" \/>\t\t\t\t\t\t\t\t<\/a>\n\t\t\t\t\t\t\t\t\t\t\t\t\t<\/div>\n\t\t\t\t<\/div>\n\t\t\t\t\t<\/div>\n\t\t\t\t<\/div>\n\t\t<div class=\"elementor-element elementor-element-e3bdea3 e-flex e-con-boxed e-con e-parent\" data-id=\"e3bdea3\" data-element_type=\"container\">\n\t\t\t\t\t<div class=\"e-con-inner\">\n\t\t\t\t<div class=\"elementor-element elementor-element-0eddac0 elementor-widget elementor-widget-spacer\" data-id=\"0eddac0\" data-element_type=\"widget\" data-widget_type=\"spacer.default\">\n\t\t\t\t<div class=\"elementor-widget-container\">\n\t\t\t<style>\/*! elementor - v3.21.0 - 08-05-2024 *\/\n.elementor-column .elementor-spacer-inner{height:var(--spacer-size)}.e-con{--container-widget-width:100%}.e-con-inner>.elementor-widget-spacer,.e-con>.elementor-widget-spacer{width:var(--container-widget-width,var(--spacer-size));--align-self:var(--container-widget-align-self,initial);--flex-shrink:0}.e-con-inner>.elementor-widget-spacer>.elementor-widget-container,.e-con>.elementor-widget-spacer>.elementor-widget-container{height:100%;width:100%}.e-con-inner>.elementor-widget-spacer>.elementor-widget-container>.elementor-spacer,.e-con>.elementor-widget-spacer>.elementor-widget-container>.elementor-spacer{height:100%}.e-con-inner>.elementor-widget-spacer>.elementor-widget-container>.elementor-spacer>.elementor-spacer-inner,.e-con>.elementor-widget-spacer>.elementor-widget-container>.elementor-spacer>.elementor-spacer-inner{height:var(--container-widget-height,var(--spacer-size))}.e-con-inner>.elementor-widget-spacer.elementor-widget-empty,.e-con>.elementor-widget-spacer.elementor-widget-empty{position:relative;min-height:22px;min-width:22px}.e-con-inner>.elementor-widget-spacer.elementor-widget-empty .elementor-widget-empty-icon,.e-con>.elementor-widget-spacer.elementor-widget-empty .elementor-widget-empty-icon{position:absolute;top:0;bottom:0;left:0;right:0;margin:auto;padding:0;width:22px;height:22px}<\/style>\t\t<div class=\"elementor-spacer\">\n\t\t\t<div class=\"elementor-spacer-inner\"><\/div>\n\t\t<\/div>\n\t\t\t\t<\/div>\n\t\t\t\t<\/div>\n\t\t\t\t<div class=\"elementor-element elementor-element-d5a5f70 elementor-widget elementor-widget-heading\" data-id=\"d5a5f70\" data-element_type=\"widget\" data-widget_type=\"heading.default\">\n\t\t\t\t<div class=\"elementor-widget-container\">\n\t\t\t<style>\/*! elementor - v3.21.0 - 08-05-2024 *\/\n.elementor-heading-title{padding:0;margin:0;line-height:1}.elementor-widget-heading .elementor-heading-title[class*=elementor-size-]>a{color:inherit;font-size:inherit;line-height:inherit}.elementor-widget-heading .elementor-heading-title.elementor-size-small{font-size:15px}.elementor-widget-heading .elementor-heading-title.elementor-size-medium{font-size:19px}.elementor-widget-heading .elementor-heading-title.elementor-size-large{font-size:29px}.elementor-widget-heading .elementor-heading-title.elementor-size-xl{font-size:39px}.elementor-widget-heading .elementor-heading-title.elementor-size-xxl{font-size:59px}<\/style><h2 class=\"elementor-heading-title elementor-size-default\">Mentions L\u00e9gales\n<\/h2>\t\t<\/div>\n\t\t\t\t<\/div>\n\t\t\t\t<div class=\"elementor-element elementor-element-c58485a elementor-widget elementor-widget-text-editor\" data-id=\"c58485a\" data-element_type=\"widget\" data-widget_type=\"text-editor.default\">\n\t\t\t\t<div class=\"elementor-widget-container\">\n\t\t\t<style>\/*! elementor - v3.21.0 - 08-05-2024 *\/\n.elementor-widget-text-editor.elementor-drop-cap-view-stacked .elementor-drop-cap{background-color:#69727d;color:#fff}.elementor-widget-text-editor.elementor-drop-cap-view-framed .elementor-drop-cap{color:#69727d;border:3px solid;background-color:transparent}.elementor-widget-text-editor:not(.elementor-drop-cap-view-default) .elementor-drop-cap{margin-top:8px}.elementor-widget-text-editor:not(.elementor-drop-cap-view-default) .elementor-drop-cap-letter{width:1em;height:1em}.elementor-widget-text-editor .elementor-drop-cap{float:left;text-align:center;line-height:1;font-size:50px}.elementor-widget-text-editor .elementor-drop-cap-letter{display:inline-block}<\/style>\t\t\t\t<p><b>1. \u00c9diteur du site<\/b><\/p>\n<p>Nom commercial : LA PEPITA INVEST<\/p>\n<p>Forme juridique : Soci\u00e9t\u00e9 par actions simplifi\u00e9e (SAS)<\/p>\n<p>Si\u00e8ge social : 260 Chemin des Longs Sillons, 14430 Cresseveuille<\/p>\n<p><span style=\"font-family: var( --e-global-typography-text-font-family ), Sans-serif; text-align: var(--text-align); font-size: 1rem;\">Num\u00e9ro SIREN : 987 561 735<\/span><br><\/p>\n<p>Num\u00e9ro TVA Intracommunautaire : FR55 987 561 735<\/p>\n<p>Num\u00e9ro RCS : Lisieux B 987 561 735<\/p>\n<p>Activit\u00e9 principale : Gestion de fonds (6630Z)<\/p>\n<p><br><\/p>\n<p><b>2. H\u00e9bergeur du site<\/b><\/p>\n<p>Nom commercial : 300-60<\/p>\n<p><span style=\"font-family: var( --e-global-typography-text-font-family ), Sans-serif; text-align: var(--text-align); font-size: 1rem;\">Si\u00e8ge social : 15 Rue des Halles, 75001 Paris<\/span><br><\/p>\n<p><span style=\"font-family: var( --e-global-typography-text-font-family ), Sans-serif; font-size: 1rem; text-align: var(--text-align);\">RCS : Paris B 881 311 260<\/span><br><\/p>\n<p><br><\/p>\n<p><b>3. Conditions G\u00e9n\u00e9rales d&rsquo;Utilisation (CGU)<\/b><\/p>\n<p>L\u2019utilisation de ce site implique l\u2019acceptation pleine et enti\u00e8re des conditions g\u00e9n\u00e9rales d\u2019utilisation. Ces conditions peuvent \u00eatre modifi\u00e9es \u00e0 tout moment.<\/p>\n<p><br><\/p>\n<p><b>4. Propri\u00e9t\u00e9 Intellectuelle<\/b><\/p>\n<p>Le contenu du site est prot\u00e9g\u00e9 par les lois en vigueur sur la propri\u00e9t\u00e9 intellectuelle. Toute reproduction sans autorisation est interdite.<\/p>\n<p><br><\/p>\n<p><b>5. Protection des Donn\u00e9es Personnelles<\/b><\/p>\n<p>Conform\u00e9ment au RGPD, vous disposez de droits d\u2019acc\u00e8s, de rectification, de suppression et d\u2019opposition concernant vos donn\u00e9es personnelles. Ces droits peuvent \u00eatre exerc\u00e9s en nous contactant \u00e0 l\u2019adresse suivante : [email@example.com].<\/p>\n<p><br><\/p>\n<p><b>6. Utilisation des Cookies<\/b><\/p>\n<p>Le site utilise des cookies pour am\u00e9liorer l\u2019exp\u00e9rience utilisateur et analyser le trafic. Vous pouvez g\u00e9rer les cookies via les param\u00e8tres de votre navigateur.<\/p>\n<p><br><\/p>\n<p><b>7. R\u00e8glement des litiges<\/b><\/p>\n<p>En cas de litige, les parties chercheront une solution amiable avant toute action judiciaire. \u00c0 d\u00e9faut d\u2019accord, le litige sera port\u00e9 devant les tribunaux comp\u00e9tents.<\/p>\t\t\t\t\t\t<\/div>\n\t\t\t\t<\/div>\n\t\t\t\t\t<\/div>\n\t\t\t\t<\/div>\n\t\t\t\t<\/div>\n\t\t","protected":false},"excerpt":{"rendered":"<p>Mentions L\u00e9gales 1. \u00c9diteur du site Nom commercial : LA PEPITA INVEST Forme juridique : Soci\u00e9t\u00e9 par actions simplifi\u00e9e (SAS) Si\u00e8ge social : 260 Chemin des Longs Sillons, 14430 Cresseveuille Num\u00e9ro SIREN : 987 561 735 Num\u00e9ro TVA Intracommunautaire : FR55 987 561 735 Num\u00e9ro RCS : Lisieux B 987 561 735 Activit\u00e9 principale : [&hellip;]<\/p>\n","protected":false},"author":1,"featured_media":0,"parent":0,"menu_order":0,"comment_status":"closed","ping_status":"closed","template":"elementor_canvas","meta":{"footnotes":""},"class_list":["post-131","page","type-page","status-publish","hentry"],"yoast_head":"<!-- This site is optimized with the Yoast SEO plugin v23.0 - https:\/\/yoast.com\/wordpress\/plugins\/seo\/ -->\n<title>Mentions L\u00e9gales - La Pepita Invest<\/title>\n<meta name=\"robots\" content=\"index, follow, max-snippet:-1, max-image-preview:large, max-video-preview:-1\" \/>\n<link rel=\"canonical\" href=\"https:\/\/lapepitainvest.com\/?page_id=131\" \/>\n<meta property=\"og:locale\" content=\"fr_FR\" \/>\n<meta property=\"og:type\" content=\"article\" \/>\n<meta property=\"og:title\" content=\"Mentions L\u00e9gales - La Pepita Invest\" \/>\n<meta property=\"og:description\" content=\"Mentions L\u00e9gales 1. \u00c9diteur du site Nom commercial : LA PEPITA INVEST Forme juridique : Soci\u00e9t\u00e9 par actions simplifi\u00e9e (SAS) Si\u00e8ge social : 260 Chemin des Longs Sillons, 14430 Cresseveuille Num\u00e9ro SIREN : 987 561 735 Num\u00e9ro TVA Intracommunautaire : FR55 987 561 735 Num\u00e9ro RCS : Lisieux B 987 561 735 Activit\u00e9 principale : [&hellip;]\" \/>\n<meta property=\"og:url\" content=\"https:\/\/lapepitainvest.com\/?page_id=131\" \/>\n<meta property=\"og:site_name\" content=\"La Pepita Invest\" \/>\n<meta property=\"article:modified_time\" content=\"2024-06-05T09:04:44+00:00\" \/>\n<meta property=\"og:image\" content=\"http:\/\/lapepitainvest.com\/wp-content\/uploads\/2024\/05\/lepepita-logo.png\" \/>\n<meta name=\"twitter:card\" content=\"summary_large_image\" \/>\n<meta name=\"twitter:label1\" content=\"Dur\u00e9e de lecture estim\u00e9e\" \/>\n\t<meta name=\"twitter:data1\" content=\"1 minute\" \/>\n<script type=\"application\/ld+json\" class=\"yoast-schema-graph\">{\"@context\":\"https:\/\/schema.org\",\"@graph\":[{\"@type\":\"WebPage\",\"@id\":\"https:\/\/lapepitainvest.com\/?page_id=131\",\"url\":\"https:\/\/lapepitainvest.com\/?page_id=131\",\"name\":\"Mentions L\u00e9gales - La Pepita Invest\",\"isPartOf\":{\"@id\":\"https:\/\/lapepitainvest.com\/#website\"},\"primaryImageOfPage\":{\"@id\":\"https:\/\/lapepitainvest.com\/?page_id=131#primaryimage\"},\"image\":{\"@id\":\"https:\/\/lapepitainvest.com\/?page_id=131#primaryimage\"},\"thumbnailUrl\":\"http:\/\/lapepitainvest.com\/wp-content\/uploads\/2024\/05\/lepepita-logo.png\",\"datePublished\":\"2024-06-05T08:51:14+00:00\",\"dateModified\":\"2024-06-05T09:04:44+00:00\",\"breadcrumb\":{\"@id\":\"https:\/\/lapepitainvest.com\/?page_id=131#breadcrumb\"},\"inLanguage\":\"fr-FR\",\"potentialAction\":[{\"@type\":\"ReadAction\",\"target\":[\"https:\/\/lapepitainvest.com\/?page_id=131\"]}]},{\"@type\":\"ImageObject\",\"inLanguage\":\"fr-FR\",\"@id\":\"https:\/\/lapepitainvest.com\/?page_id=131#primaryimage\",\"url\":\"http:\/\/lapepitainvest.com\/wp-content\/uploads\/2024\/05\/lepepita-logo.png\",\"contentUrl\":\"http:\/\/lapepitainvest.com\/wp-content\/uploads\/2024\/05\/lepepita-logo.png\"},{\"@type\":\"BreadcrumbList\",\"@id\":\"https:\/\/lapepitainvest.com\/?page_id=131#breadcrumb\",\"itemListElement\":[{\"@type\":\"ListItem\",\"position\":1,\"name\":\"Accueil\",\"item\":\"https:\/\/lapepitainvest.com\/\"},{\"@type\":\"ListItem\",\"position\":2,\"name\":\"Mentions L\u00e9gales\"}]},{\"@type\":\"WebSite\",\"@id\":\"https:\/\/lapepitainvest.com\/#website\",\"url\":\"https:\/\/lapepitainvest.com\/\",\"name\":\"La Pepita Invest\",\"description\":\"\",\"publisher\":{\"@id\":\"https:\/\/lapepitainvest.com\/#organization\"},\"potentialAction\":[{\"@type\":\"SearchAction\",\"target\":{\"@type\":\"EntryPoint\",\"urlTemplate\":\"https:\/\/lapepitainvest.com\/?s={search_term_string}\"},\"query-input\":\"required name=search_term_string\"}],\"inLanguage\":\"fr-FR\"},{\"@type\":\"Organization\",\"@id\":\"https:\/\/lapepitainvest.com\/#organization\",\"name\":\"La Pepita Invest\",\"url\":\"https:\/\/lapepitainvest.com\/\",\"logo\":{\"@type\":\"ImageObject\",\"inLanguage\":\"fr-FR\",\"@id\":\"https:\/\/lapepitainvest.com\/#\/schema\/logo\/image\/\",\"url\":\"https:\/\/lapepitainvest.com\/wp-content\/uploads\/2024\/06\/cropped-fav.png\",\"contentUrl\":\"https:\/\/lapepitainvest.com\/wp-content\/uploads\/2024\/06\/cropped-fav.png\",\"width\":512,\"height\":512,\"caption\":\"La Pepita Invest\"},\"image\":{\"@id\":\"https:\/\/lapepitainvest.com\/#\/schema\/logo\/image\/\"}}]}<\/script>\n<!-- \/ Yoast SEO plugin. -->","yoast_head_json":{"title":"Mentions L\u00e9gales - La Pepita Invest","robots":{"index":"index","follow":"follow","max-snippet":"max-snippet:-1","max-image-preview":"max-image-preview:large","max-video-preview":"max-video-preview:-1"},"canonical":"https:\/\/lapepitainvest.com\/?page_id=131","og_locale":"fr_FR","og_type":"article","og_title":"Mentions L\u00e9gales - La Pepita Invest","og_description":"Mentions L\u00e9gales 1. \u00c9diteur du site Nom commercial : LA PEPITA INVEST Forme juridique : Soci\u00e9t\u00e9 par actions simplifi\u00e9e (SAS) Si\u00e8ge social : 260 Chemin des Longs Sillons, 14430 Cresseveuille Num\u00e9ro SIREN : 987 561 735 Num\u00e9ro TVA Intracommunautaire : FR55 987 561 735 Num\u00e9ro RCS : Lisieux B 987 561 735 Activit\u00e9 principale : [&hellip;]","og_url":"https:\/\/lapepitainvest.com\/?page_id=131","og_site_name":"La Pepita Invest","article_modified_time":"2024-06-05T09:04:44+00:00","og_image":[{"url":"http:\/\/lapepitainvest.com\/wp-content\/uploads\/2024\/05\/lepepita-logo.png"}],"twitter_card":"summary_large_image","twitter_misc":{"Dur\u00e9e de lecture estim\u00e9e":"1 minute"},"schema":{"@context":"https:\/\/schema.org","@graph":[{"@type":"WebPage","@id":"https:\/\/lapepitainvest.com\/?page_id=131","url":"https:\/\/lapepitainvest.com\/?page_id=131","name":"Mentions L\u00e9gales - La Pepita Invest","isPartOf":{"@id":"https:\/\/lapepitainvest.com\/#website"},"primaryImageOfPage":{"@id":"https:\/\/lapepitainvest.com\/?page_id=131#primaryimage"},"image":{"@id":"https:\/\/lapepitainvest.com\/?page_id=131#primaryimage"},"thumbnailUrl":"http:\/\/lapepitainvest.com\/wp-content\/uploads\/2024\/05\/lepepita-logo.png","datePublished":"2024-06-05T08:51:14+00:00","dateModified":"2024-06-05T09:04:44+00:00","breadcrumb":{"@id":"https:\/\/lapepitainvest.com\/?page_id=131#breadcrumb"},"inLanguage":"fr-FR","potentialAction":[{"@type":"ReadAction","target":["https:\/\/lapepitainvest.com\/?page_id=131"]}]},{"@type":"ImageObject","inLanguage":"fr-FR","@id":"https:\/\/lapepitainvest.com\/?page_id=131#primaryimage","url":"http:\/\/lapepitainvest.com\/wp-content\/uploads\/2024\/05\/lepepita-logo.png","contentUrl":"http:\/\/lapepitainvest.com\/wp-content\/uploads\/2024\/05\/lepepita-logo.png"},{"@type":"BreadcrumbList","@id":"https:\/\/lapepitainvest.com\/?page_id=131#breadcrumb","itemListElement":[{"@type":"ListItem","position":1,"name":"Accueil","item":"https:\/\/lapepitainvest.com\/"},{"@type":"ListItem","position":2,"name":"Mentions L\u00e9gales"}]},{"@type":"WebSite","@id":"https:\/\/lapepitainvest.com\/#website","url":"https:\/\/lapepitainvest.com\/","name":"La Pepita Invest","description":"","publisher":{"@id":"https:\/\/lapepitainvest.com\/#organization"},"potentialAction":[{"@type":"SearchAction","target":{"@type":"EntryPoint","urlTemplate":"https:\/\/lapepitainvest.com\/?s={search_term_string}"},"query-input":"required name=search_term_string"}],"inLanguage":"fr-FR"},{"@type":"Organization","@id":"https:\/\/lapepitainvest.com\/#organization","name":"La Pepita Invest","url":"https:\/\/lapepitainvest.com\/","logo":{"@type":"ImageObject","inLanguage":"fr-FR","@id":"https:\/\/lapepitainvest.com\/#\/schema\/logo\/image\/","url":"https:\/\/lapepitainvest.com\/wp-content\/uploads\/2024\/06\/cropped-fav.png","contentUrl":"https:\/\/lapepitainvest.com\/wp-content\/uploads\/2024\/06\/cropped-fav.png","width":512,"height":512,"caption":"La Pepita Invest"},"image":{"@id":"https:\/\/lapepitainvest.com\/#\/schema\/logo\/image\/"}}]}},"_links":{"self":[{"href":"https:\/\/lapepitainvest.com\/index.php?rest_route=\/wp\/v2\/pages\/131","targetHints":{"allow":["GET"]}}],"collection":[{"href":"https:\/\/lapepitainvest.com\/index.php?rest_route=\/wp\/v2\/pages"}],"about":[{"href":"https:\/\/lapepitainvest.com\/index.php?rest_route=\/wp\/v2\/types\/page"}],"author":[{"embeddable":true,"href":"https:\/\/lapepitainvest.com\/index.php?rest_route=\/wp\/v2\/users\/1"}],"replies":[{"embeddable":true,"href":"https:\/\/lapepitainvest.com\/index.php?rest_route=%2Fwp%2Fv2%2Fcomments&post=131"}],"version-history":[{"count":13,"href":"https:\/\/lapepitainvest.com\/index.php?rest_route=\/wp\/v2\/pages\/131\/revisions"}],"predecessor-version":[{"id":145,"href":"https:\/\/lapepitainvest.com\/index.php?rest_route=\/wp\/v2\/pages\/131\/revisions\/145"}],"wp:attachment":[{"href":"https:\/\/lapepitainvest.com\/index.php?rest_route=%2Fwp%2Fv2%2Fmedia&parent=131"}],"curies":[{"name":"wp","href":"https:\/\/api.w.org\/{rel}","templated":true}]}}